{"id":1269,"date":"2023-02-22T15:10:02","date_gmt":"2023-02-22T14:10:02","guid":{"rendered":"http:\/\/slaviasvitavy.eu\/?page_id=1269"},"modified":"2024-04-29T10:49:11","modified_gmt":"2024-04-29T08:49:11","slug":"ochrana-osobnich-udaju-2","status":"publish","type":"page","link":"https:\/\/slaviasvitavy.eu\/index.php\/ochrana-osobnich-udaju-2\/","title":{"rendered":"Ochrana osobn\u00edch \u00fadaj\u016f"},"content":{"rendered":"\t\t<div data-elementor-type=\"wp-page\" data-elementor-id=\"1269\" class=\"elementor elementor-1269\" data-elementor-post-type=\"page\">\n\t\t\t\t\t\t<section class=\"elementor-section elementor-top-section elementor-element elementor-element-f74d00a elementor-section-boxed elementor-section-height-default elementor-section-height-default\" data-id=\"f74d00a\" data-element_type=\"section\">\n\t\t\t\t\t\t<div class=\"elementor-container elementor-column-gap-default\">\n\t\t\t\t\t<div class=\"elementor-column elementor-col-100 elementor-top-column elementor-element elementor-element-f0bf636\" data-id=\"f0bf636\" data-element_type=\"column\">\n\t\t\t<div class=\"elementor-widget-wrap elementor-element-populated\">\n\t\t\t\t\t\t<div class=\"elementor-element elementor-element-3dbff3a elementor-widget elementor-widget-text-editor\" data-id=\"3dbff3a\" data-element_type=\"widget\" data-widget_type=\"text-editor.default\">\n\t\t\t\t<div class=\"elementor-widget-container\">\n\t\t\t<style>\/*! elementor - v3.22.0 - 26-06-2024 *\/\n.elementor-widget-text-editor.elementor-drop-cap-view-stacked .elementor-drop-cap{background-color:#69727d;color:#fff}.elementor-widget-text-editor.elementor-drop-cap-view-framed .elementor-drop-cap{color:#69727d;border:3px solid;background-color:transparent}.elementor-widget-text-editor:not(.elementor-drop-cap-view-default) .elementor-drop-cap{margin-top:8px}.elementor-widget-text-editor:not(.elementor-drop-cap-view-default) .elementor-drop-cap-letter{width:1em;height:1em}.elementor-widget-text-editor .elementor-drop-cap{float:left;text-align:center;line-height:1;font-size:50px}.elementor-widget-text-editor .elementor-drop-cap-letter{display:inline-block}<\/style>\t\t\t\t<h1>Podm\u00ednky ochrany osobn\u00edch \u00fadaj\u016f<\/h1><h2>I.<br \/>Z\u00e1kladn\u00ed ustanoven\u00ed<\/h2><ol><li>Spr\u00e1vcem osobn\u00edch \u00fadaj\u016f podle \u010dl. 4 bod 7 na\u0159\u00edzen\u00ed Evropsk\u00e9ho parlamentu a Rady (EU) 2016\/679 o ochran\u011b fyzick\u00fdch osob v souvislosti se zpracov\u00e1n\u00edm osobn\u00edch \u00fadaj\u016f a o voln\u00e9m pohybu t\u011bchto \u00fadaj\u016f (d\u00e1le jen: \u201eGDPR\u201d) je Slavia &amp; Ungar s.r.o. n\u00e1m\u011bst\u00ed M\u00edru 134\/72, 568 02 Svitavy, I\u010c: 21362009, C 52627\/KSHK Krajsk\u00fd soud v Hradci Kr\u00e1lov\u00e9<br \/>(d\u00e1le jen: \u201espr\u00e1vce\u201c).<\/li><li>Kontaktn\u00ed \u00fadaje spr\u00e1vce jsou<br \/>adresa: n\u00e1m\u011bst\u00ed M\u00edru 134\/72 568 02 Svitavy \u2013 M\u011bsto<br \/>email:\u00a0ubytovani@slaviasvitavy.eu<br \/>telefon: +420603701006<\/li><li>Osobn\u00edmi \u00fadaji se rozum\u00ed ve\u0161ker\u00e9 informace o identifikovan\u00e9 nebo identifikovateln\u00e9 fyzick\u00e9 osob\u011b; identifikovatelnou fyzickou osobou je fyzick\u00e1 osoba, kterou lze p\u0159\u00edmo \u010di nep\u0159\u00edmo identifikovat, zejm\u00e9na odkazem na ur\u010dit\u00fd identifik\u00e1tor, nap\u0159\u00edklad jm\u00e9no, identifika\u010dn\u00ed \u010d\u00edslo, loka\u010dn\u00ed \u00fadaje, s\u00ed\u0165ov\u00fd identifik\u00e1tor nebo na jeden \u010di v\u00edce zvl\u00e1\u0161tn\u00edch prvk\u016f fyzick\u00e9, fyziologick\u00e9, genetick\u00e9, psychick\u00e9, ekonomick\u00e9, kulturn\u00ed nebo spole\u010densk\u00e9 identity t\u00e9to fyzick\u00e9 osoby.<\/li><li>Spr\u00e1vce nejmenoval pov\u011b\u0159ence pro ochranu osobn\u00edch \u00fadaj\u016f.<\/li><\/ol><h2>II.<br \/>Zdroje a kategorie zpracov\u00e1van\u00fdch osobn\u00edch \u00fadaj\u016f<\/h2><ol><li>Spr\u00e1vce zpracov\u00e1v\u00e1 osobn\u00ed \u00fadaje, kter\u00e9 jste mu poskytl\/a nebo osobn\u00ed \u00fadaje, kter\u00e9 spr\u00e1vce z\u00edskal na z\u00e1klad\u011b registrace na webu.<\/li><li>Spr\u00e1vce zpracov\u00e1v\u00e1 Va\u0161e identifika\u010dn\u00ed a kontaktn\u00ed \u00fadaje a \u00fadaje nezbytn\u00e9 pro pln\u011bn\u00ed smlouvy.<\/li><\/ol><h2>III.<br \/>Z\u00e1konn\u00fd d\u016fvod a \u00fa\u010del zpracov\u00e1n\u00ed osobn\u00edch \u00fadaj\u016f<\/h2><ol><li>Z\u00e1konn\u00fdm d\u016fvodem zpracov\u00e1n\u00ed osobn\u00edch \u00fadaj\u016f je<br \/>\u2022 pln\u011bn\u00ed smlouvy mezi V\u00e1mi a spr\u00e1vcem podle \u010dl. 6 odst. 1 p\u00edsm. b) GDPR,<br \/>\u2022 opr\u00e1vn\u011bn\u00fd z\u00e1jem spr\u00e1vce na poskytov\u00e1n\u00ed p\u0159\u00edm\u00e9ho marketingu (zejm\u00e9na pro zas\u00edl\u00e1n\u00ed obchodn\u00edch sd\u011blen\u00ed a newsletter\u016f) podle \u010dl. 6 odst. 1 p\u00edsm. f) GDPR,<br \/>\u2022 V\u00e1\u0161 souhlas se zpracov\u00e1n\u00edm pro \u00fa\u010dely poskytov\u00e1n\u00ed p\u0159\u00edm\u00e9ho marketingu (zejm\u00e9na pro zas\u00edl\u00e1n\u00ed obchodn\u00edch sd\u011blen\u00ed a newsletter\u016f) podle \u010dl. 6 odst. 1 p\u00edsm. a) GDPR ve spojen\u00ed s \u00a7 7 odst. 2 z\u00e1kona \u010d. 480\/2004 Sb., o n\u011bkter\u00fdch slu\u017eb\u00e1ch informa\u010dn\u00ed spole\u010dnosti v p\u0159\u00edpad\u011b, \u017ee nedo\u0161lo k objedn\u00e1vce zbo\u017e\u00ed nebo slu\u017eby.<\/li><li>\u00da\u010delem zpracov\u00e1n\u00ed osobn\u00edch \u00fadaj\u016f je<br \/>\u2022 vy\u0159\u00edzen\u00ed Va\u0161\u00ed objedn\u00e1vky a v\u00fdkon pr\u00e1v a povinnost\u00ed vypl\u00fdvaj\u00edc\u00edch ze smluvn\u00edho vztahu mezi V\u00e1mi a spr\u00e1vcem; p\u0159i objedn\u00e1vce jsou vy\u017eadov\u00e1ny osobn\u00ed \u00fadaje, kter\u00e9 jsou nutn\u00e9 pro \u00fasp\u011b\u0161n\u00e9 vy\u0159\u00edzen\u00ed objedn\u00e1vky (jm\u00e9no a adresa, kontakt), poskytnut\u00ed osobn\u00edch \u00fadaj\u016f je nutn\u00fdm po\u017eadavkem pro uzav\u0159en\u00ed a pln\u011bn\u00ed smlouvy, bez poskytnut\u00ed osobn\u00edch \u00fadaj\u016f nen\u00ed mo\u017en\u00e9 smlouvu uzav\u0159\u00edt \u010di j\u00ed ze strany spr\u00e1vce plnit,<br \/>\u2022 zas\u00edl\u00e1n\u00ed obchodn\u00edch sd\u011blen\u00ed a \u010din\u011bn\u00ed dal\u0161\u00edch marketingov\u00fdch aktivit.<\/li><li>Ze strany spr\u00e1vce nedoch\u00e1z\u00ed k automatick\u00e9mu individu\u00e1ln\u00edmu rozhodov\u00e1n\u00ed ve smyslu \u010dl. 22 GDPR.<\/li><\/ol><h2>IV.<br \/>Doba uchov\u00e1v\u00e1n\u00ed \u00fadaj\u016f<\/h2><ol><li>Spr\u00e1vce uchov\u00e1v\u00e1 osobn\u00ed \u00fadaje<br \/>\u2022 po dobu nezbytnou k v\u00fdkonu pr\u00e1v a povinnost\u00ed vypl\u00fdvaj\u00edc\u00edch ze smluvn\u00edho vztahu mezi V\u00e1mi a spr\u00e1vcem a uplat\u0148ov\u00e1n\u00ed n\u00e1rok\u016f z t\u011bchto smluvn\u00edch vztah\u016f (po dobu 15 let od ukon\u010den\u00ed smluvn\u00edho vztahu).<br \/>\u2022 po dobu, ne\u017e je odvol\u00e1n souhlas se zpracov\u00e1n\u00edm osobn\u00edch \u00fadaj\u016f pro \u00fa\u010dely marketingu, nejd\u00e9le 10 let, jsou-li osobn\u00ed \u00fadaje zpracov\u00e1v\u00e1ny na z\u00e1klad\u011b souhlasu.<\/li><li>Po uplynut\u00ed doby uchov\u00e1v\u00e1n\u00ed osobn\u00edch \u00fadaj\u016f spr\u00e1vce osobn\u00ed \u00fadaje vyma\u017ee.<\/li><\/ol><h2>V.<br \/>P\u0159\u00edjemci osobn\u00edch \u00fadaj\u016f (subdodavatel\u00e9 spr\u00e1vce)<\/h2><ol><li>P\u0159\u00edjemci osobn\u00edch \u00fadaj\u016f jsou osoby<br \/>\u2022 zaji\u0161\u0165uj\u00edc\u00ed slu\u017eby provozov\u00e1n\u00ed webu (Hostinger, WordPress, MailChimp) a dal\u0161\u00ed slu\u017eby v souvislosti s provozov\u00e1n\u00edm webu,<br \/>\u2022 zaji\u0161\u0165uj\u00edc\u00ed marketingov\u00e9 slu\u017eby,<br \/>\u2022 Google Analytics \u2013 webov\u00e9 str\u00e1nky pou\u017e\u00edvaj\u00ed Google Analytics, webovou analytickou slu\u017ebu Google Inc. (\u201eGoogle\u201c). Google Analytics pou\u017e\u00edv\u00e1 soubory cookie, kter\u00e9 umo\u017e\u0148uj\u00ed anal\u00fdzu Va\u0161eho pou\u017e\u00edv\u00e1n\u00ed na\u0161ich webov\u00fdch str\u00e1nek. Informace vygenerovan\u00e9 souborem cookie o Va\u0161em pou\u017e\u00edv\u00e1n\u00ed na\u0161ich internetov\u00fdch str\u00e1nek jsou zpravidla p\u0159eneseny na server spole\u010dnosti Google v USA a tam ulo\u017eeny. Google bude na\u0161\u00edm jm\u00e9nem vyu\u017e\u00edvat tyto informace pro vyhodnocen\u00ed Va\u0161eho pou\u017e\u00edv\u00e1n\u00ed na\u0161ich webov\u00fdch str\u00e1nek, pro vytv\u00e1\u0159en\u00ed zpr\u00e1v o aktivit\u00e1ch na webov\u00fdch str\u00e1nk\u00e1ch a pro poskytov\u00e1n\u00ed slu\u017eeb souvisej\u00edc\u00edch s pou\u017e\u00edv\u00e1n\u00edm webov\u00fdch str\u00e1nek a internetu. Va\u0161e IP adresa poskytnut\u00e1 Va\u0161\u00edm prohl\u00ed\u017ee\u010dem v r\u00e1mci Google Analytics nebude spojov\u00e1na s jin\u00fdmi \u00fadaji spole\u010dnosti Google. Ukl\u00e1d\u00e1n\u00ed soubor\u016f cookie m\u016f\u017eete zak\u00e1zat pomoc\u00ed p\u0159\u00edslu\u0161n\u00e9ho softwarov\u00e9ho nastaven\u00ed Va\u0161eho prohl\u00ed\u017ee\u010de (viz v\u00fd\u0161e). Shroma\u017e\u010fov\u00e1n\u00ed a zpracov\u00e1n\u00ed dat generovan\u00fdch souborem cookie o Va\u0161em u\u017e\u00edv\u00e1n\u00ed na\u0161ich webov\u00fdch str\u00e1nek (v\u010detn\u011b va\u0161\u00ed IP adresy) spole\u010dnost\u00ed Google m\u016f\u017eete zabr\u00e1nit tak\u00e9 tak, \u017ee si pod n\u00ed\u017ee uveden\u00fdm odkazem st\u00e1hnete a do sv\u00e9ho prohl\u00ed\u017ee\u010de nainstalujete pat\u0159i\u010dn\u00fd plugin:\u00a0<a href=\"https:\/\/tools.google.com\/dlpage\/gaoptout?hl=en\" target=\"_blank\" rel=\"noopener noreferrer\">https:\/\/tools.google.com\/dlpage\/gaoptout?hl=en<\/a>\u00a0Dal\u0161\u00ed informace naleznete na\u00a0<a href=\"https:\/\/support.google.com\/analytics\/answer\/6004245?hl=cs\" target=\"_blank\" rel=\"noopener noreferrer\">https:\/\/support.google.com\/analytics\/answer\/6004245?hl=cs<\/a>\u00a0(v\u0161eobecn\u00e9 informace o Google Analytics a ochran\u011b dat).<\/li><li>Spr\u00e1vce m\u00e1 v \u00famyslu p\u0159edat osobn\u00ed \u00fadaje do t\u0159et\u00ed zem\u011b (do zem\u011b mimo EU) nebo mezin\u00e1rodn\u00ed organizaci. P\u0159\u00edjemci osobn\u00edch \u00fadaj\u016f ve t\u0159et\u00edch zem\u00edch jsou poskytovatel\u00e9 mailingov\u00fdch slu\u017eeb: The Rocket Science Group LLC (MailChimp).<\/li><\/ol><h2>VI.<br \/>Va\u0161e pr\u00e1va<\/h2><ol><li>Za podm\u00ednek stanoven\u00fdch v GDPR m\u00e1te<br \/>\u2022 pr\u00e1vo na p\u0159\u00edstup ke sv\u00fdm osobn\u00edm \u00fadaj\u016fm dle \u010dl. 15 GDPR,<br \/>\u2022 pr\u00e1vo opravu osobn\u00edch \u00fadaj\u016f dle \u010dl. 16 GDPR, pop\u0159\u00edpad\u011b omezen\u00ed zpracov\u00e1n\u00ed dle \u010dl. 18 GDPR.<br \/>\u2022 pr\u00e1vo na v\u00fdmaz osobn\u00edch \u00fadaj\u016f dle \u010dl. 17 GDPR.<br \/>\u2022 pr\u00e1vo vzn\u00e9st n\u00e1mitku proti zpracov\u00e1n\u00ed dle \u010dl. 21 GDPR a<br \/>\u2022 pr\u00e1vo na p\u0159enositelnost \u00fadaj\u016f dle \u010dl. 20 GDPR.<br \/>\u2022 pr\u00e1vo odvolat souhlas se zpracov\u00e1n\u00edm p\u00edsemn\u011b nebo elektronicky na adresu nebo email spr\u00e1vce uveden\u00fd v \u010dl. III t\u011bchto podm\u00ednek.<\/li><li>D\u00e1le m\u00e1te pr\u00e1vo podat st\u00ed\u017enost u \u00da\u0159adu pro ochranu osobn\u00edch \u00fadaj\u016f v p\u0159\u00edpad\u011b, \u017ee se domn\u00edv\u00e1te, \u017ee bylo poru\u0161eno Va\u0161\u00ed pr\u00e1vo na ochranu osobn\u00edch \u00fadaj\u016f.<\/li><\/ol><h2>VII.<br \/>Podm\u00ednky zabezpe\u010den\u00ed osobn\u00edch \u00fadaj\u016f<\/h2><ol><li>Spr\u00e1vce prohla\u0161uje, \u017ee p\u0159ijal ve\u0161ker\u00e1 vhodn\u00e1 technick\u00e1 a organiza\u010dn\u00ed opat\u0159en\u00ed k zabezpe\u010den\u00ed osobn\u00edch \u00fadaj\u016f.<\/li><li>Spr\u00e1vce p\u0159ijal technick\u00e1 opat\u0159en\u00ed k zabezpe\u010den\u00ed datov\u00fdch \u00falo\u017ei\u0161\u0165 a \u00falo\u017ei\u0161\u0165 osobn\u00edch \u00fadaj\u016f v listinn\u00e9 podob\u011b, zejm\u00e9na zabezpe\u010den\u00e9 p\u0159ipojen\u00ed certifika\u010dn\u00ed autoritou\u00a0<a href=\"https:\/\/letsencrypt.org\/\" target=\"_blank\" rel=\"noopener noreferrer\">Let\u2019s Encrypt<\/a>, bezpe\u010dnostn\u00edm pluginem\u00a0<a href=\"https:\/\/www.wordfence.com\/\" target=\"_blank\" rel=\"noopener noreferrer\">WordFence<\/a>, dvou-krokov\u00e9 p\u0159ihl\u00e1\u0161en\u00ed kontaktu do e-mail datab\u00e1ze\u00a0<a href=\"https:\/\/mailchimp.com\/legal\/privacy\/\" target=\"_blank\" rel=\"noopener noreferrer\">MailChimp<\/a>.<\/li><li>Spr\u00e1vce prohla\u0161uje, \u017ee k osobn\u00edm \u00fadaj\u016fm maj\u00ed p\u0159\u00edstup pouze j\u00edm pov\u011b\u0159en\u00e9 osoby.<\/li><\/ol><h2>VIII.<br \/>Z\u00e1v\u011bre\u010dn\u00e1 ustanoven\u00ed<\/h2><ol><li>Odesl\u00e1n\u00edm objedn\u00e1vky z internetov\u00e9ho objedn\u00e1vkov\u00e9ho formul\u00e1\u0159e potvrzujete, \u017ee jste sezn\u00e1men\/a s podm\u00ednkami ochrany osobn\u00edch \u00fadaj\u016f a \u017ee je v cel\u00e9m rozsahu p\u0159ij\u00edm\u00e1te.<\/li><li>S t\u011bmito podm\u00ednkami souhlas\u00edte za\u0161krtnut\u00edm souhlasu prost\u0159ednictv\u00edm internetov\u00e9ho formul\u00e1\u0159e. Za\u0161krtnut\u00edm souhlasu potvrzujete, \u017ee jste sezn\u00e1men\/a s podm\u00ednkami ochrany osobn\u00edch \u00fadaj\u016f a \u017ee je v cel\u00e9m rozsahu p\u0159ij\u00edm\u00e1te.<\/li><li>Spr\u00e1vce je opr\u00e1vn\u011bn tyto podm\u00ednky zm\u011bnit. Novou verzi podm\u00ednek ochrany osobn\u00edch \u00fadaj\u016f zve\u0159ejn\u00ed na sv\u00fdch internetov\u00fdch str\u00e1nk\u00e1ch a z\u00e1rove\u0148 V\u00e1m za\u0161le novou verzi t\u011bchto podm\u00ednek Va\u0161i e-mailovou adresu, kterou jste spr\u00e1vci poskytl\/a.<\/li><\/ol><p><strong>M\u00e1te dotaz?<\/strong><\/p><p>M\u00e1te-li dotaz k ochran\u011b osobn\u00edch \u00fadaj\u016f, nev\u00e1hejte n\u00e1s kontaktovat na emailu:\u00a0ubytovani@slaviasvitavy.eu<\/p><p>Toto prohl\u00e1\u0161en\u00ed o ochran\u011b osobn\u00edch \u00fadaj\u016f je platn\u00e9 od\u00a0<strong>15.4. 2023<\/strong><\/p>\t\t\t\t\t\t<\/div>\n\t\t\t\t<\/div>\n\t\t\t\t\t<\/div>\n\t\t<\/div>\n\t\t\t\t\t<\/div>\n\t\t<\/section>\n\t\t\t\t<\/div>\n\t\t","protected":false},"excerpt":{"rendered":"<p>Podm\u00ednky ochrany osobn\u00edch \u00fadaj\u016f I.Z\u00e1kladn\u00ed ustanoven\u00ed Spr\u00e1vcem osobn\u00edch \u00fadaj\u016f podle \u010dl. 4 bod 7 na\u0159\u00edzen\u00ed Evropsk\u00e9ho parlamentu a Rady (EU) 2016\/679 o ochran\u011b fyzick\u00fdch osob v souvislosti se zpracov\u00e1n\u00edm osobn\u00edch \u00fadaj\u016f a o voln\u00e9m pohybu t\u011bchto \u00fadaj\u016f (d\u00e1le jen: \u201eGDPR\u201d) je Slavia &amp; Ungar s.r.o. n\u00e1m\u011bst\u00ed M\u00edru 134\/72, 568 02 Svitavy, I\u010c: 21362009, C 52627\/KSHK [&hellip;]<\/p>\n","protected":false},"author":1,"featured_media":0,"parent":0,"menu_order":0,"comment_status":"closed","ping_status":"closed","template":"","meta":{"footnotes":""},"_links":{"self":[{"href":"https:\/\/slaviasvitavy.eu\/index.php\/wp-json\/wp\/v2\/pages\/1269"}],"collection":[{"href":"https:\/\/slaviasvitavy.eu\/index.php\/wp-json\/wp\/v2\/pages"}],"about":[{"href":"https:\/\/slaviasvitavy.eu\/index.php\/wp-json\/wp\/v2\/types\/page"}],"author":[{"embeddable":true,"href":"https:\/\/slaviasvitavy.eu\/index.php\/wp-json\/wp\/v2\/users\/1"}],"replies":[{"embeddable":true,"href":"https:\/\/slaviasvitavy.eu\/index.php\/wp-json\/wp\/v2\/comments?post=1269"}],"version-history":[{"count":16,"href":"https:\/\/slaviasvitavy.eu\/index.php\/wp-json\/wp\/v2\/pages\/1269\/revisions"}],"predecessor-version":[{"id":1405,"href":"https:\/\/slaviasvitavy.eu\/index.php\/wp-json\/wp\/v2\/pages\/1269\/revisions\/1405"}],"wp:attachment":[{"href":"https:\/\/slaviasvitavy.eu\/index.php\/wp-json\/wp\/v2\/media?parent=1269"}],"curies":[{"name":"wp","href":"https:\/\/api.w.org\/{rel}","templated":true}]}}